{"id":55602,"date":"2025-03-27T14:50:04","date_gmt":"2025-03-27T13:50:04","guid":{"rendered":"https:\/\/volimea.websitehelden.net\/wp\/?post_type=product&#038;p=55602"},"modified":"2025-07-07T12:34:08","modified_gmt":"2025-07-07T11:34:08","slug":"werkzeug-set-fuer-futado","status":"publish","type":"product","link":"https:\/\/volimea2.websitehelden.net\/en\/produkt\/werkzeug-set-fuer-futado\/","title":{"rendered":"Werkzeug Set f\u00fcr futado"},"content":{"rendered":"<p>futado Werkzeugset<\/p>\n<p>bestehend aus:<br \/>\n&#8211; Fl\u00e4chenspachtel 25 cm<br \/>\n&#8211; Gipserspachtel 6 cm<br \/>\n&#8211; R\u00fchrstab 70 mm<br \/>\n&#8211; Lackwanne 15 x 28 cm<br \/>\n&#8211; Lackwalze, beidseitig gerundet 2 St\u00fcck 11 cm<br \/>\n&#8211; Heizk\u00f6rperwalze, Boden 4mm, 2 St\u00fcck 10 cm<br \/>\n&#8211; B\u00fcgel f\u00fcr Lackwalze 10 x 27 cm<br \/>\n&#8211; Schleifscheiben 2 St\u00fcck 120er und 180er Korn<br \/>\n&#8211; Handschleifer rund mit Klett 150mm<\/p>\n","protected":false},"excerpt":{"rendered":"<p>futado Werkzeugset bestehend aus: &#8211; Fl\u00e4chenspachtel 25 cm &#8211; Gipserspachtel 6 cm &#8211; R\u00fchrstab 70 mm &#8211; Lackwanne 15 x 28 cm &#8211; Lackwalze, beidseitig gerundet 2 St\u00fcck 11 cm &#8211; Heizk\u00f6rperwalze, Boden 4mm, 2 St\u00fcck 10 cm &#8211; B\u00fcgel f\u00fcr Lackwalze 10 x 27 cm &#8211; Schleifscheiben 2 St\u00fcck 120er und 180er Korn &#8211; [&hellip;]<\/p>\n","protected":false},"featured_media":56185,"template":"","meta":{"_acf_changed":false},"product_brand":[134],"product_cat":[153],"product_tag":[],"class_list":{"0":"post-55602","1":"product","2":"type-product","3":"status-publish","4":"has-post-thumbnail","6":"product_brand-futado","7":"product_cat-zubehoer","9":"first","10":"onbackorder","11":"taxable","12":"shipping-taxable","13":"purchasable","14":"product-type-simple"},"acf":[],"yoast_head":"<!-- This site is optimized with the Yoast SEO Premium plugin v25.4 (Yoast SEO v25.4) - https:\/\/yoast.com\/wordpress\/plugins\/seo\/ -->\n<title>Werkzeug Set f\u00fcr futado &#8211; Volimea<\/title>\n<meta name=\"robots\" content=\"noindex, follow, max-snippet:-1, max-image-preview:large, max-video-preview:-1\" \/>\n<meta property=\"og:locale\" content=\"en_US\" \/>\n<meta property=\"og:type\" content=\"article\" \/>\n<meta property=\"og:title\" content=\"Werkzeug Set f\u00fcr futado\" \/>\n<meta property=\"og:description\" content=\"futado Werkzeugset bestehend aus: &#8211; Fl\u00e4chenspachtel 25 cm &#8211; Gipserspachtel 6 cm &#8211; R\u00fchrstab 70 mm &#8211; Lackwanne 15 x 28 cm &#8211; Lackwalze, beidseitig gerundet 2 St\u00fcck 11 cm &#8211; Heizk\u00f6rperwalze, Boden 4mm, 2 St\u00fcck 10 cm &#8211; B\u00fcgel f\u00fcr Lackwalze 10 x 27 cm &#8211; Schleifscheiben 2 St\u00fcck 120er und 180er Korn &#8211; [&hellip;]\" \/>\n<meta property=\"og:url\" content=\"https:\/\/volimea2.websitehelden.net\/produkt\/werkzeug-set-fuer-futado\/\" \/>\n<meta property=\"og:site_name\" content=\"Volimea\" \/>\n<meta property=\"article:publisher\" content=\"https:\/\/web.facebook.com\/volimea\/\" \/>\n<meta property=\"article:modified_time\" content=\"2025-07-07T11:34:08+00:00\" \/>\n<meta property=\"og:image\" content=\"https:\/\/volimea2.websitehelden.net\/wp-content\/uploads\/2025\/03\/yEWNQ3RdDQAwe2Iwn3wK2gWAvlxO7hETjI1Bu2aY.jpg\" \/>\n\t<meta property=\"og:image:width\" content=\"1000\" \/>\n\t<meta property=\"og:image:height\" content=\"1000\" \/>\n\t<meta property=\"og:image:type\" content=\"image\/jpeg\" \/>\n<meta name=\"twitter:card\" content=\"summary_large_image\" \/>\n<meta name=\"twitter:site\" content=\"@volimea\" \/>\n<script type=\"application\/ld+json\" class=\"yoast-schema-graph\">{\"@context\":\"https:\/\/schema.org\",\"@graph\":[{\"@type\":\"WebPage\",\"@id\":\"https:\/\/volimea2.websitehelden.net\/produkt\/werkzeug-set-fuer-futado\/\",\"url\":\"https:\/\/volimea2.websitehelden.net\/produkt\/werkzeug-set-fuer-futado\/\",\"name\":\"Werkzeug Set f\u00fcr futado &#8211; Volimea\",\"isPartOf\":{\"@id\":\"https:\/\/volimea2.websitehelden.net\/#website\"},\"primaryImageOfPage\":{\"@id\":\"https:\/\/volimea2.websitehelden.net\/produkt\/werkzeug-set-fuer-futado\/#primaryimage\"},\"image\":{\"@id\":\"https:\/\/volimea2.websitehelden.net\/produkt\/werkzeug-set-fuer-futado\/#primaryimage\"},\"thumbnailUrl\":\"https:\/\/volimea2.websitehelden.net\/wp-content\/uploads\/2025\/03\/yEWNQ3RdDQAwe2Iwn3wK2gWAvlxO7hETjI1Bu2aY.jpg\",\"datePublished\":\"2025-03-27T13:50:04+00:00\",\"dateModified\":\"2025-07-07T11:34:08+00:00\",\"breadcrumb\":{\"@id\":\"https:\/\/volimea2.websitehelden.net\/produkt\/werkzeug-set-fuer-futado\/#breadcrumb\"},\"inLanguage\":\"en-US\",\"potentialAction\":[{\"@type\":\"ReadAction\",\"target\":[\"https:\/\/volimea2.websitehelden.net\/produkt\/werkzeug-set-fuer-futado\/\"]}]},{\"@type\":\"ImageObject\",\"inLanguage\":\"en-US\",\"@id\":\"https:\/\/volimea2.websitehelden.net\/produkt\/werkzeug-set-fuer-futado\/#primaryimage\",\"url\":\"https:\/\/volimea2.websitehelden.net\/wp-content\/uploads\/2025\/03\/yEWNQ3RdDQAwe2Iwn3wK2gWAvlxO7hETjI1Bu2aY.jpg\",\"contentUrl\":\"https:\/\/volimea2.websitehelden.net\/wp-content\/uploads\/2025\/03\/yEWNQ3RdDQAwe2Iwn3wK2gWAvlxO7hETjI1Bu2aY.jpg\",\"width\":1000,\"height\":1000},{\"@type\":\"BreadcrumbList\",\"@id\":\"https:\/\/volimea2.websitehelden.net\/produkt\/werkzeug-set-fuer-futado\/#breadcrumb\",\"itemListElement\":[{\"@type\":\"ListItem\",\"position\":1,\"name\":\"Shop\",\"item\":\"https:\/\/volimea2.websitehelden.net\/en\/shop\/\"},{\"@type\":\"ListItem\",\"position\":2,\"name\":\"Werkzeug Set f\u00fcr futado\"}]},{\"@type\":\"WebSite\",\"@id\":\"https:\/\/volimea2.websitehelden.net\/#website\",\"url\":\"https:\/\/volimea2.websitehelden.net\/\",\"name\":\"Volimea\",\"description\":\"Oberfl\u00e4chen aus Leidenschaft\",\"publisher\":{\"@id\":\"https:\/\/volimea2.websitehelden.net\/#organization\"},\"potentialAction\":[{\"@type\":\"SearchAction\",\"target\":{\"@type\":\"EntryPoint\",\"urlTemplate\":\"https:\/\/volimea2.websitehelden.net\/?s={search_term_string}\"},\"query-input\":{\"@type\":\"PropertyValueSpecification\",\"valueRequired\":true,\"valueName\":\"search_term_string\"}}],\"inLanguage\":\"en-US\"},{\"@type\":\"Organization\",\"@id\":\"https:\/\/volimea2.websitehelden.net\/#organization\",\"name\":\"Volimea GmbH & Cie. KG\",\"url\":\"https:\/\/volimea2.websitehelden.net\/\",\"logo\":{\"@type\":\"ImageObject\",\"inLanguage\":\"en-US\",\"@id\":\"https:\/\/volimea2.websitehelden.net\/#\/schema\/logo\/image\/\",\"url\":\"https:\/\/volimea2.websitehelden.net\/wp-content\/uploads\/2021\/09\/logo.jpg\",\"contentUrl\":\"https:\/\/volimea2.websitehelden.net\/wp-content\/uploads\/2021\/09\/logo.jpg\",\"width\":300,\"height\":80,\"caption\":\"Volimea GmbH & Cie. KG\"},\"image\":{\"@id\":\"https:\/\/volimea2.websitehelden.net\/#\/schema\/logo\/image\/\"},\"sameAs\":[\"https:\/\/web.facebook.com\/volimea\/\",\"https:\/\/x.com\/volimea\"]}]}<\/script>\n<!-- \/ Yoast SEO Premium plugin. -->","yoast_head_json":{"title":"Werkzeug Set f\u00fcr futado &#8211; Volimea","robots":{"index":"noindex","follow":"follow","max-snippet":"max-snippet:-1","max-image-preview":"max-image-preview:large","max-video-preview":"max-video-preview:-1"},"og_locale":"en_US","og_type":"article","og_title":"Werkzeug Set f\u00fcr futado","og_description":"futado Werkzeugset bestehend aus: &#8211; Fl\u00e4chenspachtel 25 cm &#8211; Gipserspachtel 6 cm &#8211; R\u00fchrstab 70 mm &#8211; Lackwanne 15 x 28 cm &#8211; Lackwalze, beidseitig gerundet 2 St\u00fcck 11 cm &#8211; Heizk\u00f6rperwalze, Boden 4mm, 2 St\u00fcck 10 cm &#8211; B\u00fcgel f\u00fcr Lackwalze 10 x 27 cm &#8211; Schleifscheiben 2 St\u00fcck 120er und 180er Korn &#8211; [&hellip;]","og_url":"https:\/\/volimea2.websitehelden.net\/produkt\/werkzeug-set-fuer-futado\/","og_site_name":"Volimea","article_publisher":"https:\/\/web.facebook.com\/volimea\/","article_modified_time":"2025-07-07T11:34:08+00:00","og_image":[{"width":1000,"height":1000,"url":"https:\/\/volimea2.websitehelden.net\/wp-content\/uploads\/2025\/03\/yEWNQ3RdDQAwe2Iwn3wK2gWAvlxO7hETjI1Bu2aY.jpg","type":"image\/jpeg"}],"twitter_card":"summary_large_image","twitter_site":"@volimea","schema":{"@context":"https:\/\/schema.org","@graph":[{"@type":"WebPage","@id":"https:\/\/volimea2.websitehelden.net\/produkt\/werkzeug-set-fuer-futado\/","url":"https:\/\/volimea2.websitehelden.net\/produkt\/werkzeug-set-fuer-futado\/","name":"Werkzeug Set f\u00fcr futado &#8211; Volimea","isPartOf":{"@id":"https:\/\/volimea2.websitehelden.net\/#website"},"primaryImageOfPage":{"@id":"https:\/\/volimea2.websitehelden.net\/produkt\/werkzeug-set-fuer-futado\/#primaryimage"},"image":{"@id":"https:\/\/volimea2.websitehelden.net\/produkt\/werkzeug-set-fuer-futado\/#primaryimage"},"thumbnailUrl":"https:\/\/volimea2.websitehelden.net\/wp-content\/uploads\/2025\/03\/yEWNQ3RdDQAwe2Iwn3wK2gWAvlxO7hETjI1Bu2aY.jpg","datePublished":"2025-03-27T13:50:04+00:00","dateModified":"2025-07-07T11:34:08+00:00","breadcrumb":{"@id":"https:\/\/volimea2.websitehelden.net\/produkt\/werkzeug-set-fuer-futado\/#breadcrumb"},"inLanguage":"en-US","potentialAction":[{"@type":"ReadAction","target":["https:\/\/volimea2.websitehelden.net\/produkt\/werkzeug-set-fuer-futado\/"]}]},{"@type":"ImageObject","inLanguage":"en-US","@id":"https:\/\/volimea2.websitehelden.net\/produkt\/werkzeug-set-fuer-futado\/#primaryimage","url":"https:\/\/volimea2.websitehelden.net\/wp-content\/uploads\/2025\/03\/yEWNQ3RdDQAwe2Iwn3wK2gWAvlxO7hETjI1Bu2aY.jpg","contentUrl":"https:\/\/volimea2.websitehelden.net\/wp-content\/uploads\/2025\/03\/yEWNQ3RdDQAwe2Iwn3wK2gWAvlxO7hETjI1Bu2aY.jpg","width":1000,"height":1000},{"@type":"BreadcrumbList","@id":"https:\/\/volimea2.websitehelden.net\/produkt\/werkzeug-set-fuer-futado\/#breadcrumb","itemListElement":[{"@type":"ListItem","position":1,"name":"Shop","item":"https:\/\/volimea2.websitehelden.net\/en\/shop\/"},{"@type":"ListItem","position":2,"name":"Werkzeug Set f\u00fcr futado"}]},{"@type":"WebSite","@id":"https:\/\/volimea2.websitehelden.net\/#website","url":"https:\/\/volimea2.websitehelden.net\/","name":"Volimea","description":"Oberfl\u00e4chen aus Leidenschaft","publisher":{"@id":"https:\/\/volimea2.websitehelden.net\/#organization"},"potentialAction":[{"@type":"SearchAction","target":{"@type":"EntryPoint","urlTemplate":"https:\/\/volimea2.websitehelden.net\/?s={search_term_string}"},"query-input":{"@type":"PropertyValueSpecification","valueRequired":true,"valueName":"search_term_string"}}],"inLanguage":"en-US"},{"@type":"Organization","@id":"https:\/\/volimea2.websitehelden.net\/#organization","name":"Volimea GmbH & Cie. KG","url":"https:\/\/volimea2.websitehelden.net\/","logo":{"@type":"ImageObject","inLanguage":"en-US","@id":"https:\/\/volimea2.websitehelden.net\/#\/schema\/logo\/image\/","url":"https:\/\/volimea2.websitehelden.net\/wp-content\/uploads\/2021\/09\/logo.jpg","contentUrl":"https:\/\/volimea2.websitehelden.net\/wp-content\/uploads\/2021\/09\/logo.jpg","width":300,"height":80,"caption":"Volimea GmbH & Cie. KG"},"image":{"@id":"https:\/\/volimea2.websitehelden.net\/#\/schema\/logo\/image\/"},"sameAs":["https:\/\/web.facebook.com\/volimea\/","https:\/\/x.com\/volimea"]}]}},"_links":{"self":[{"href":"https:\/\/volimea2.websitehelden.net\/en\/wp-json\/wp\/v2\/product\/55602","targetHints":{"allow":["GET"]}}],"collection":[{"href":"https:\/\/volimea2.websitehelden.net\/en\/wp-json\/wp\/v2\/product"}],"about":[{"href":"https:\/\/volimea2.websitehelden.net\/en\/wp-json\/wp\/v2\/types\/product"}],"wp:featuredmedia":[{"embeddable":true,"href":"https:\/\/volimea2.websitehelden.net\/en\/wp-json\/wp\/v2\/media\/56185"}],"wp:attachment":[{"href":"https:\/\/volimea2.websitehelden.net\/en\/wp-json\/wp\/v2\/media?parent=55602"}],"wp:term":[{"taxonomy":"product_brand","embeddable":true,"href":"https:\/\/volimea2.websitehelden.net\/en\/wp-json\/wp\/v2\/product_brand?post=55602"},{"taxonomy":"product_cat","embeddable":true,"href":"https:\/\/volimea2.websitehelden.net\/en\/wp-json\/wp\/v2\/product_cat?post=55602"},{"taxonomy":"product_tag","embeddable":true,"href":"https:\/\/volimea2.websitehelden.net\/en\/wp-json\/wp\/v2\/product_tag?post=55602"}],"curies":[{"name":"wp","href":"https:\/\/api.w.org\/{rel}","templated":true}]}}